{"id":1630,"date":"2021-07-22T10:52:54","date_gmt":"2021-07-22T08:52:54","guid":{"rendered":"https:\/\/planification-energie-fr.ch\/?page_id=1630"},"modified":"2022-04-08T17:41:55","modified_gmt":"2022-04-08T15:41:55","slug":"waermepumpen","status":"publish","type":"page","link":"https:\/\/planification-energie-fr.ch\/de\/waermepumpen\/","title":{"rendered":"W\u00e4rmepumpen"},"content":{"rendered":"<div id='full_slider_1'  class='avia-fullwidth-slider main_color avia-shadow   avia-builder-el-0  el_before_av_four_fifth  avia-builder-el-first   container_wrap fullsize' style=' '  ><div   data-size='no scaling'  data-lightbox_size='large'  data-animation='fade'  data-conditional_play=''  data-ids='1842'  data-video_counter='0'  data-autoplay='false'  data-bg_slider='false'  data-slide_height=''  data-handle='av_slideshow_full'  data-interval='5'  data-class=' '  data-el_id=''  data-css_id=''  data-scroll_down=''  data-control_layout='av-control-hidden'  data-custom_markup=''  data-perma_caption=''  data-autoplay_stopper=''  data-image_attachment=''  data-min_height='0px'  data-lazy_loading='disabled'  data-src=''  data-position='top left'  data-repeat='no-repeat'  data-attach='scroll'  data-stretch=''  class='avia-slideshow avia-slideshow-1  av-control-hidden av-default-height-applied avia-slideshow-no scaling av_slideshow_full   avia-fade-slider '  itemprop=\"image\" itemscope=\"itemscope\" itemtype=\"https:\/\/schema.org\/ImageObject\" ><ul class='avia-slideshow-inner ' style='padding-bottom: 41.650485436893%;' ><li  class=' av-single-slide slide-1 ' ><div data-rel='slideshow-1' class='avia-slide-wrap '   ><div class = \"caption_fullwidth av-slideshow-caption caption_left\"><div class = \"container caption_container\"><div class = \"slideshow_caption\"><div class = \"slideshow_inner_caption\"><div class = \"slideshow_align_caption\"><h2  class='avia-caption-title  '  itemprop=\"name\" >W\u00e4rmepumpen:<br \/>\nW\u00e4rme aus der Umgebung nutzen<\/h2><\/div><\/div><\/div><\/div><\/div><img decoding=\"async\" class=\"wp-image-1842 avia-img-lazy-loading-not-1842\"  src=\"https:\/\/planification-energie-fr.ch\/wp-content\/uploads\/2021\/10\/202105_Planification-energie_pac3.jpg\" width=\"1030\" height=\"429\" title='RMG' alt=''  itemprop=\"thumbnailUrl\" srcset=\"https:\/\/planification-energie-fr.ch\/wp-content\/uploads\/2021\/10\/202105_Planification-energie_pac3.jpg 1030w, https:\/\/planification-energie-fr.ch\/wp-content\/uploads\/2021\/10\/202105_Planification-energie_pac3-300x125.jpg 300w, https:\/\/planification-energie-fr.ch\/wp-content\/uploads\/2021\/10\/202105_Planification-energie_pac3-768x320.jpg 768w, https:\/\/planification-energie-fr.ch\/wp-content\/uploads\/2021\/10\/202105_Planification-energie_pac3-705x294.jpg 705w\" sizes=\"(max-width: 1030px) 100vw, 1030px\" \/><\/div><\/li><\/ul><\/div><\/div><div id='after_full_slider_1'  class='main_color av_default_container_wrap container_wrap fullsize' style=' '  ><div class='container' ><div class='template-page content  av-content-full alpha units'><div class='post-entry post-entry-type-page post-entry-1630'><div class='entry-content-wrapper clearfix'>\n<div class=\"flex_column av_four_fifth  flex_column_div av-zero-column-padding first  avia-builder-el-1  el_after_av_slideshow_full  el_before_av_hr  avia-builder-el-first  \" style='border-radius:0px; '><section class=\"av_textblock_section \"  itemscope=\"itemscope\" itemtype=\"https:\/\/schema.org\/CreativeWork\" ><div class='avia_textblock  av_inherit_color '  style='font-size:24px; color:#528540; '  itemprop=\"text\" ><p>W\u00e4rmepumpen nutzen erneuerbare Ressourcen wie Luft, Erdw\u00e4rme oder Wasser zum Heizen oder f\u00fcr die Warmwasserproduktion. Sie sind oft die ideale L\u00f6sung f\u00fcr den Ersatz alter \u00d6l-, Gas- oder Elektroheizungen.<\/p>\n<\/div><\/section><\/div>\n<div  style='height:30px' class='hr hr-invisible   avia-builder-el-3  el_after_av_four_fifth  el_before_av_one_full '><span class='hr-inner ' ><span class='hr-inner-style'><\/span><\/span><\/div>\n<div class=\"flex_column av_one_full  flex_column_div first  avia-builder-el-4  el_after_av_hr  el_before_av_hr  \" style='background: #f4f4f4; padding:30px; background-color:#f4f4f4; border-radius:0px; '><p><section class=\"av_textblock_section \"  itemscope=\"itemscope\" itemtype=\"https:\/\/schema.org\/CreativeWork\" ><div class='avia_textblock subtitles-pages av_inherit_color '  style='font-size:24px; color:#528540; '  itemprop=\"text\" ><p><strong>Ziel<\/strong><\/p>\n<\/div><\/section><br \/>\n<section class=\"av_textblock_section \"  itemscope=\"itemscope\" itemtype=\"https:\/\/schema.org\/CreativeWork\" ><div class='avia_textblock  av_inherit_color '  style='color:#0a0a0a; '  itemprop=\"text\" ><ul>\n<li>Dort, wo es sich anbietet, den Ersatz von Elektroheizungen und fossilen Heizungen durch W\u00e4rmepumpen mit Erdw\u00e4rmesonden, energetischen Geostrukturen oder W\u00e4rmetauschern, welche die Umgebungsenergie nutzen, f\u00f6rdern.<\/li>\n<\/ul>\n<\/div><\/section><\/p><\/div>\n<div  style=' margin-top:30px; margin-bottom:30px;'  class='hr hr-custom hr-center hr-icon-no   avia-builder-el-7  el_after_av_one_full  el_before_av_one_full '><span class='hr-inner  inner-border-av-border-thin' style=' width:100%; border-color:#528540;' ><span class='hr-inner-style'><\/span><\/span><\/div>\n<div class=\"flex_column av_one_full  flex_column_div first  avia-builder-el-8  el_after_av_hr  el_before_av_hr  \" style='padding:30px; border-radius:0px; '><p><section class=\"av_textblock_section \"  itemscope=\"itemscope\" itemtype=\"https:\/\/schema.org\/CreativeWork\" ><div class='avia_textblock subtitles-pages av_inherit_color '  style='font-size:24px; color:#528540; '  itemprop=\"text\" ><p><strong>Kantonaler Richtplan<\/strong><\/p>\n<\/div><\/section><br \/>\n<div  style='height:20px' class='hr hr-invisible   avia-builder-el-10  el_after_av_textblock  el_before_av_buttonrow '><span class='hr-inner ' ><span class='hr-inner-style'><\/span><\/span><\/div><br \/>\n<div  class='avia-buttonrow-wrap avia-buttonrow-left   avia-builder-el-11  el_after_av_hr  avia-builder-el-last '>\n<a href='https:\/\/planification-energie-fr.ch\/wp-content\/uploads\/2021\/07\/T122_DE_Geothermie.pdf' class='avia-button  avia-color-theme-color  avia-icon_select-yes-left-icon avia-size-large ' target=\"_blank\" rel=\"noopener noreferrer\" style='margin-bottom:5px; margin-right:5px; '><span class='avia_button_icon avia_button_icon_left ' aria-hidden='true' data-av_icon='\ue84e' data-av_iconfont='entypo-fontello'><\/span><span class='avia_iconbox_title' >Themenblatt Geothermische Energie<\/span><\/a>\n<\/div><\/p><\/div>\n<div  style=' margin-top:30px; margin-bottom:30px;'  class='hr hr-custom hr-center hr-icon-no   avia-builder-el-12  el_after_av_one_full  el_before_av_hr '><span class='hr-inner  inner-border-av-border-thin' style=' width:100%; border-color:#528540;' ><span class='hr-inner-style'><\/span><\/span><\/div>\n<div  style='height:50px' class='hr hr-invisible   avia-builder-el-13  el_after_av_hr  el_before_av_one_half '><span class='hr-inner ' ><span class='hr-inner-style'><\/span><\/span><\/div>\n<div class=\"flex_column av_one_half  flex_column_div av-zero-column-padding first  avia-builder-el-14  el_after_av_hr  el_before_av_one_half  \" style='border-radius:0px; '><p><section class=\"av_textblock_section \"  itemscope=\"itemscope\" itemtype=\"https:\/\/schema.org\/CreativeWork\" ><div class='avia_textblock subtitles-pages av_inherit_color '  style='font-size:24px; color:#528540; '  itemprop=\"text\" ><p><strong>Strategie<\/strong><\/p>\n<\/div><\/section><br \/>\n<section class=\"av_textblock_section \"  itemscope=\"itemscope\" itemtype=\"https:\/\/schema.org\/CreativeWork\" ><div class='avia_textblock  '   itemprop=\"text\" ><p>Das Amt f\u00fcr Energie setzt sich f\u00fcr diese bew\u00e4hrte Technik ein. Es f\u00f6rdert auch die untiefe und mitteltiefe Geothermie f\u00fcr Neubauten.<\/p>\n<\/div><\/section><\/p><\/div>\n<div class=\"flex_column av_one_half  flex_column_div av-zero-column-padding   avia-builder-el-17  el_after_av_one_half  el_before_av_hr  \" style='border-radius:0px; '><p><div  class='avia-image-container  av-styling-    avia-builder-el-18  el_before_av_textblock  avia-builder-el-first  avia-align-center '  itemprop=\"image\" itemscope=\"itemscope\" itemtype=\"https:\/\/schema.org\/ImageObject\"  ><div class='avia-image-container-inner'><div class='avia-image-overlay-wrap'><img decoding=\"async\" class='wp-image-1088 avia-img-lazy-loading-not-1088 avia_image' src=\"https:\/\/planification-energie-fr.ch\/wp-content\/uploads\/2021\/05\/00008672_aa659113dfd979d5f0a20f3f77966cc1_w.jpeg\" alt='' title='00008672_aa659113dfd979d5f0a20f3f77966cc1_w' height=\"750\" width=\"1000\"  itemprop=\"thumbnailUrl\" srcset=\"https:\/\/planification-energie-fr.ch\/wp-content\/uploads\/2021\/05\/00008672_aa659113dfd979d5f0a20f3f77966cc1_w.jpeg 1000w, https:\/\/planification-energie-fr.ch\/wp-content\/uploads\/2021\/05\/00008672_aa659113dfd979d5f0a20f3f77966cc1_w-300x225.jpeg 300w, https:\/\/planification-energie-fr.ch\/wp-content\/uploads\/2021\/05\/00008672_aa659113dfd979d5f0a20f3f77966cc1_w-768x576.jpeg 768w, https:\/\/planification-energie-fr.ch\/wp-content\/uploads\/2021\/05\/00008672_aa659113dfd979d5f0a20f3f77966cc1_w-705x529.jpeg 705w\" sizes=\"(max-width: 1000px) 100vw, 1000px\" \/><\/div><\/div><\/div><br \/>\n<section class=\"av_textblock_section \"  itemscope=\"itemscope\" itemtype=\"https:\/\/schema.org\/CreativeWork\" ><div class='avia_textblock  av_inherit_color '  style='font-size:12px; color:#8c8c8c; '  itemprop=\"text\" ><p><em>W\u00e4rmepumpe \u2013 \u00a9 Groupe E<\/em><\/p>\n<\/div><\/section><\/p><\/div>\n<div  style='height:30px' class='hr hr-invisible   avia-builder-el-20  el_after_av_one_half  el_before_av_one_full '><span class='hr-inner ' ><span class='hr-inner-style'><\/span><\/span><\/div>\n<div class=\"flex_column av_one_full  flex_column_div first  avia-builder-el-21  el_after_av_hr  el_before_av_hr  \" style='background: rgba(84,133,64,0.2); padding:30px; background-color:rgba(84,133,64,0.2); border-radius:4px; '><p><section class=\"av_textblock_section \"  itemscope=\"itemscope\" itemtype=\"https:\/\/schema.org\/CreativeWork\" ><div class='avia_textblock subtitles-pages av_inherit_color '  style='font-size:24px; color:#528540; '  itemprop=\"text\" ><p><strong>Weitere Informationen<\/strong><\/p>\n<\/div><\/section><br \/>\n<section class=\"av_textblock_section \"  itemscope=\"itemscope\" itemtype=\"https:\/\/schema.org\/CreativeWork\" ><div class='avia_textblock  av_inherit_color '  style='color:#0a0a0a; '  itemprop=\"text\" ><ul>\n<li><a href=\"https:\/\/www.fr.ch\/de\/vwd\/afe\/news\/neuer-sachplan-energie\" target=\"_blank\" rel=\"noopener noreferrer\">Sachplan Energie | Staat Freiburg<\/a><\/li>\n<li><a href=\"https:\/\/www.fws.ch\/\" target=\"_blank\" rel=\"noopener noreferrer\">Fachvereinigung W\u00e4rmpumpen Schweiz (Partner Bundesamt f\u00fcr Energie BFE)<\/a><\/li>\n<li><a href=\"https:\/\/planification-energie-fr.ch\/wp-content\/uploads\/2022\/04\/Programme-batiments-2021-22-DE-web.pdf#page=2\" target=\"_blank\" rel=\"noopener noreferrer\">Informationsbrosch\u00fcre f\u00fcr F\u00f6rdermittel<\/a><\/li>\n<\/ul>\n<\/div><\/section><\/p><\/div><div  style='height:50px' class='hr hr-invisible   avia-builder-el-24  el_after_av_one_full  avia-builder-el-last '><span class='hr-inner ' ><span class='hr-inner-style'><\/span><\/span><\/div><\/p>\n","protected":false},"excerpt":{"rendered":"","protected":false},"author":2,"featured_media":0,"parent":0,"menu_order":0,"comment_status":"closed","ping_status":"closed","template":"","meta":{"_acf_changed":false,"footnotes":""},"class_list":["post-1630","page","type-page","status-publish","hentry"],"acf":[],"_links":{"self":[{"href":"https:\/\/planification-energie-fr.ch\/de\/wp-json\/wp\/v2\/pages\/1630","targetHints":{"allow":["GET"]}}],"collection":[{"href":"https:\/\/planification-energie-fr.ch\/de\/wp-json\/wp\/v2\/pages"}],"about":[{"href":"https:\/\/planification-energie-fr.ch\/de\/wp-json\/wp\/v2\/types\/page"}],"author":[{"embeddable":true,"href":"https:\/\/planification-energie-fr.ch\/de\/wp-json\/wp\/v2\/users\/2"}],"replies":[{"embeddable":true,"href":"https:\/\/planification-energie-fr.ch\/de\/wp-json\/wp\/v2\/comments?post=1630"}],"version-history":[{"count":5,"href":"https:\/\/planification-energie-fr.ch\/de\/wp-json\/wp\/v2\/pages\/1630\/revisions"}],"predecessor-version":[{"id":2031,"href":"https:\/\/planification-energie-fr.ch\/de\/wp-json\/wp\/v2\/pages\/1630\/revisions\/2031"}],"wp:attachment":[{"href":"https:\/\/planification-energie-fr.ch\/de\/wp-json\/wp\/v2\/media?parent=1630"}],"curies":[{"name":"wp","href":"https:\/\/api.w.org\/{rel}","templated":true}]}}