{"id":1635,"date":"2021-07-22T10:59:10","date_gmt":"2021-07-22T08:59:10","guid":{"rendered":"https:\/\/planification-energie-fr.ch\/?page_id=1635"},"modified":"2022-04-08T17:41:38","modified_gmt":"2022-04-08T15:41:38","slug":"waermenetze","status":"publish","type":"page","link":"https:\/\/planification-energie-fr.ch\/de\/waermenetze\/","title":{"rendered":"W\u00e4rmenetze"},"content":{"rendered":"<div id='full_slider_1'  class='avia-fullwidth-slider main_color avia-shadow   avia-builder-el-0  el_before_av_four_fifth  avia-builder-el-first   container_wrap fullsize' style=' '  ><div   data-size='no scaling'  data-lightbox_size='large'  data-animation='fade'  data-conditional_play=''  data-ids='1388'  data-video_counter='0'  data-autoplay='false'  data-bg_slider='false'  data-slide_height=''  data-handle='av_slideshow_full'  data-interval='5'  data-class=' '  data-el_id=''  data-css_id=''  data-scroll_down=''  data-control_layout='av-control-hidden'  data-custom_markup=''  data-perma_caption=''  data-autoplay_stopper=''  data-image_attachment=''  data-min_height='0px'  data-lazy_loading='disabled'  data-src=''  data-position='top left'  data-repeat='no-repeat'  data-attach='scroll'  data-stretch=''  class='avia-slideshow avia-slideshow-1  av-control-hidden av-default-height-applied avia-slideshow-no scaling av_slideshow_full   avia-fade-slider '  itemprop=\"image\" itemscope=\"itemscope\" itemtype=\"https:\/\/schema.org\/ImageObject\" ><ul class='avia-slideshow-inner ' style='padding-bottom: 41.75%;' ><li  class=' av-single-slide slide-1 ' ><div data-rel='slideshow-1' class='avia-slide-wrap '   ><div class = \"caption_fullwidth av-slideshow-caption caption_left\"><div class = \"container caption_container\"><div class = \"slideshow_caption\"><div class = \"slideshow_inner_caption\"><div class = \"slideshow_align_caption\"><h2  class='avia-caption-title  '  itemprop=\"name\" >W\u00e4rmenetze:<br \/>\nW\u00e4rme zu den Freiburgerinnen und Freiburgern bringen<\/h2><\/div><\/div><\/div><\/div><\/div><img decoding=\"async\" class=\"wp-image-1389 avia-img-lazy-loading-not-1389\"  src=\"https:\/\/planification-energie-fr.ch\/wp-content\/uploads\/2021\/06\/reseau.jpg\" width=\"1600\" height=\"668\" title='reseau' alt=''  itemprop=\"thumbnailUrl\" srcset=\"https:\/\/planification-energie-fr.ch\/wp-content\/uploads\/2021\/06\/reseau.jpg 1600w, https:\/\/planification-energie-fr.ch\/wp-content\/uploads\/2021\/06\/reseau-300x125.jpg 300w, https:\/\/planification-energie-fr.ch\/wp-content\/uploads\/2021\/06\/reseau-768x321.jpg 768w, https:\/\/planification-energie-fr.ch\/wp-content\/uploads\/2021\/06\/reseau-1536x641.jpg 1536w, https:\/\/planification-energie-fr.ch\/wp-content\/uploads\/2021\/06\/reseau-1500x626.jpg 1500w, https:\/\/planification-energie-fr.ch\/wp-content\/uploads\/2021\/06\/reseau-705x294.jpg 705w\" sizes=\"(max-width: 1600px) 100vw, 1600px\" \/><\/div><\/li><\/ul><\/div><\/div><div id='after_full_slider_1'  class='main_color av_default_container_wrap container_wrap fullsize' style=' '  ><div class='container' ><div class='template-page content  av-content-full alpha units'><div class='post-entry post-entry-type-page post-entry-1635'><div class='entry-content-wrapper clearfix'>\n<div class=\"flex_column av_four_fifth  flex_column_div av-zero-column-padding first  avia-builder-el-1  el_after_av_slideshow_full  el_before_av_hr  avia-builder-el-first  \" style='border-radius:0px; '><section class=\"av_textblock_section \"  itemscope=\"itemscope\" itemtype=\"https:\/\/schema.org\/CreativeWork\" ><div class='avia_textblock  av_inherit_color '  style='font-size:24px; color:#528540; '  itemprop=\"text\" ><p>W\u00e4rmenetze werden vor allem zur Fernheizung genutzt und spielen eine wichtige Rolle bei der Verwertung von Abf\u00e4llen und der Nutzung von erneuerbaren Energien. Ausserdem wird Erdgas (eine fossile Energie) als \u00dcbergangsenergie ber\u00fccksichtigt, bis die erneuerbaren Energien einen gr\u00f6sseren Teil unseres W\u00e4rmebedarfs decken.<\/p>\n<\/div><\/section><\/div>\n<div  style='height:30px' class='hr hr-invisible   avia-builder-el-3  el_after_av_four_fifth  el_before_av_one_full '><span class='hr-inner ' ><span class='hr-inner-style'><\/span><\/span><\/div>\n<div class=\"flex_column av_one_full  flex_column_div first  avia-builder-el-4  el_after_av_hr  el_before_av_hr  \" style='background: #f4f4f4; padding:30px; background-color:#f4f4f4; border-radius:0px; '><p><section class=\"av_textblock_section \"  itemscope=\"itemscope\" itemtype=\"https:\/\/schema.org\/CreativeWork\" ><div class='avia_textblock subtitles-pages av_inherit_color '  style='font-size:24px; color:#528540; '  itemprop=\"text\" ><p><strong>Ziele<\/strong><\/p>\n<\/div><\/section><br \/>\n<section class=\"av_textblock_section \"  itemscope=\"itemscope\" itemtype=\"https:\/\/schema.org\/CreativeWork\" ><div class='avia_textblock  av_inherit_color '  style='color:#0a0a0a; '  itemprop=\"text\" ><ul>\n<li>Vorrangig hocheffiziente Fernw\u00e4rmenetze ausbauen, die vor allem einheimische erneuerbare Energien und\/oder Abw\u00e4rme nutzen.<\/li>\n<li>Das Mittel- und Niederdruck-Gasnetz ausbauen, aber nur dort, wo es die erneuerbaren Energien im Sinne der Energiewende erg\u00e4nzt.<\/li>\n<\/ul>\n<\/div><\/section><\/p><\/div>\n<div  style=' margin-top:30px; margin-bottom:30px;'  class='hr hr-custom hr-center hr-icon-no   avia-builder-el-7  el_after_av_one_full  el_before_av_one_full '><span class='hr-inner  inner-border-av-border-thin' style=' width:100%; border-color:#528540;' ><span class='hr-inner-style'><\/span><\/span><\/div>\n<div class=\"flex_column av_one_full  flex_column_div first  avia-builder-el-8  el_after_av_hr  el_before_av_hr  \" style='padding:30px; border-radius:0px; '><p><section class=\"av_textblock_section \"  itemscope=\"itemscope\" itemtype=\"https:\/\/schema.org\/CreativeWork\" ><div class='avia_textblock subtitles-pages av_inherit_color '  style='font-size:24px; color:#528540; '  itemprop=\"text\" ><p><strong>Kantonaler Richtplan<\/strong><\/p>\n<\/div><\/section><br \/>\n<div  style='height:20px' class='hr hr-invisible   avia-builder-el-10  el_after_av_textblock  el_before_av_button '><span class='hr-inner ' ><span class='hr-inner-style'><\/span><\/span><\/div><br \/>\n<div  class='avia-button-wrap avia-button-left  avia-builder-el-11  el_after_av_hr  avia-builder-el-last ' ><a href='https:\/\/planification-energie-fr.ch\/wp-content\/uploads\/2021\/07\/T119_DE_Energienetze.pdf' class='avia-button  avia-color-theme-color  avia-font-color-theme-color  avia-icon_select-yes-left-icon avia-size-x-large avia-position-left ' target=\"_blank\" rel=\"noopener noreferrer\"><span class='avia_button_icon avia_button_icon_left ' aria-hidden='true' data-av_icon='\ue84e' data-av_iconfont='entypo-fontello'><\/span><span class='avia_iconbox_title' >Themenblatt Energienetze<\/span><span class='avia_button_background avia-button avia-color-theme-color-highlight' ><\/span><\/a><\/div><\/p><\/div>\n<div  style=' margin-top:30px; margin-bottom:30px;'  class='hr hr-custom hr-center hr-icon-no   avia-builder-el-12  el_after_av_one_full  el_before_av_hr '><span class='hr-inner  inner-border-av-border-thin' style=' width:100%; border-color:#528540;' ><span class='hr-inner-style'><\/span><\/span><\/div>\n<div  style='height:50px' class='hr hr-invisible   avia-builder-el-13  el_after_av_hr  el_before_av_one_half '><span class='hr-inner ' ><span class='hr-inner-style'><\/span><\/span><\/div>\n<div class=\"flex_column av_one_half  flex_column_div av-zero-column-padding first  avia-builder-el-14  el_after_av_hr  el_before_av_one_half  \" style='border-radius:0px; '><p><section class=\"av_textblock_section \"  itemscope=\"itemscope\" itemtype=\"https:\/\/schema.org\/CreativeWork\" ><div class='avia_textblock subtitles-pages av_inherit_color '  style='font-size:24px; color:#528540; '  itemprop=\"text\" ><p><strong>Strategie<\/strong><\/p>\n<\/div><\/section><br \/>\n<section class=\"av_textblock_section \"  itemscope=\"itemscope\" itemtype=\"https:\/\/schema.org\/CreativeWork\" ><div class='avia_textblock  '   itemprop=\"text\" ><p>Am sinnvollsten ist der Ausbau von Fernw\u00e4rmenetzen in dicht besiedelten Gebieten mit hohem W\u00e4rmeverbrauch und in Gebieten, in denen einheimische Energiequellen zur Verf\u00fcgung stehen (Holz, Abw\u00e4rme aus ARA und Abfallverbrennungsanlagen). Die kantonale Energiestrategie zielt klar auf einen Ausbau der Fernw\u00e4rmenetze hin. Die Planung erfolgt in enger Zusammenarbeit mit den Gemeinden, die am besten wissen, welche Gebiete sich f\u00fcr die Entwicklung von Fernheizungen eignen. F\u00fcr eine optimale Energieeffizienz und Wirtschaftlichkeit braucht es im \u00dcbrigen eine besonders sorgf\u00e4ltige Planung. Denn es gilt zu beachten, dass die angeschlossenen Geb\u00e4ude im Laufe der Zeit saniert werden und danach weniger Energie verbrauchen. Dies erm\u00f6glicht den Anschluss neuer Geb\u00e4ude an das W\u00e4rmenetz, ohne dass dessen Leistung zwingend gesteigert werden muss.<\/p>\n<p>Als Erg\u00e4nzung zur Fernw\u00e4rme f\u00e4llt dem Erdgas, einem importierten Energietr\u00e4ger, im Hinblick auf die Energiewende eine \u00dcbergangsrolle zu. Ein Ausbau des Erdgasnetzes ist dort sinnvoll, wo mangels erneuerbarer Energien der Ausbau eines Fernw\u00e4rmenetzes nicht angezeigt ist. Ausserdem kann ein Erdgasnetz auch dazu genutzt werden, um Biogas bis zu den Verbraucherinnen und Verbrauchern zu bringen. Die Entwicklung der beiden Energietr\u00e4ger muss also sorgf\u00e4ltig koordiniert werden und sich nach dem Potenzial der einheimischen erneuerbaren Energien richten.<\/p>\n<\/div><\/section><\/p><\/div>\n<div class=\"flex_column av_one_half  flex_column_div av-zero-column-padding   avia-builder-el-17  el_after_av_one_half  el_before_av_hr  \" style='border-radius:0px; '><p><div  class='avia-image-container  av-styling-    avia-builder-el-18  el_before_av_textblock  avia-builder-el-first  avia-align-center '  itemprop=\"image\" itemscope=\"itemscope\" itemtype=\"https:\/\/schema.org\/ImageObject\"  ><div class='avia-image-container-inner'><div class='avia-image-overlay-wrap'><img decoding=\"async\" class='wp-image-1078 avia-img-lazy-loading-not-1078 avia_image' src=\"https:\/\/planification-energie-fr.ch\/wp-content\/uploads\/2021\/05\/00003484_9d3ceae338e3eb12ca9f8d9b41a04fcd_w.jpeg\" alt='' title='00003484_9d3ceae338e3eb12ca9f8d9b41a04fcd_w' height=\"666\" width=\"1000\"  itemprop=\"thumbnailUrl\" srcset=\"https:\/\/planification-energie-fr.ch\/wp-content\/uploads\/2021\/05\/00003484_9d3ceae338e3eb12ca9f8d9b41a04fcd_w.jpeg 1000w, https:\/\/planification-energie-fr.ch\/wp-content\/uploads\/2021\/05\/00003484_9d3ceae338e3eb12ca9f8d9b41a04fcd_w-300x200.jpeg 300w, https:\/\/planification-energie-fr.ch\/wp-content\/uploads\/2021\/05\/00003484_9d3ceae338e3eb12ca9f8d9b41a04fcd_w-768x511.jpeg 768w, https:\/\/planification-energie-fr.ch\/wp-content\/uploads\/2021\/05\/00003484_9d3ceae338e3eb12ca9f8d9b41a04fcd_w-705x470.jpeg 705w\" sizes=\"(max-width: 1000px) 100vw, 1000px\" \/><\/div><\/div><\/div><br \/>\n<section class=\"av_textblock_section \"  itemscope=\"itemscope\" itemtype=\"https:\/\/schema.org\/CreativeWork\" ><div class='avia_textblock  av_inherit_color '  style='font-size:12px; color:#8c8c8c; '  itemprop=\"text\" ><p><em>Fernheizung \u2013 \u00a9 Groupe E<\/em><\/p>\n<\/div><\/section><\/p><\/div>\n<div  style='height:30px' class='hr hr-invisible   avia-builder-el-20  el_after_av_one_half  el_before_av_one_full '><span class='hr-inner ' ><span class='hr-inner-style'><\/span><\/span><\/div>\n<div class=\"flex_column av_one_full  flex_column_div first  avia-builder-el-21  el_after_av_hr  el_before_av_hr  \" style='background: rgba(84,133,64,0.2); padding:30px; background-color:rgba(84,133,64,0.2); border-radius:4px; '><p><section class=\"av_textblock_section \"  itemscope=\"itemscope\" itemtype=\"https:\/\/schema.org\/CreativeWork\" ><div class='avia_textblock subtitles-pages av_inherit_color '  style='font-size:24px; color:#528540; '  itemprop=\"text\" ><p><strong>Weitere Informationen<br \/>\n<\/strong><\/p>\n<\/div><\/section><br \/>\n<section class=\"av_textblock_section \"  itemscope=\"itemscope\" itemtype=\"https:\/\/schema.org\/CreativeWork\" ><div class='avia_textblock  av_inherit_color '  style='color:#0a0a0a; '  itemprop=\"text\" ><ul>\n<li><a href=\"https:\/\/www.fr.ch\/de\/vwd\/afe\/news\/neuer-sachplan-energie\" target=\"_blank\" rel=\"noopener noreferrer\">Sachplan Energie | Staat Freiburg<\/a><\/li>\n<li><a href=\"https:\/\/www.energieschweiz.ch\/erneuerbare-energien\/fernwaerme\/?pk_vid=a3665b532d3c3cf21625054320e9d8a6\" target=\"_blank\" rel=\"noopener noreferrer\">Fernw\u00e4rme: CO<sub>2<\/sub>-arm heizen mit thermischen Netzen (Bundesamt f\u00fcr Energie BFE)<\/a><\/li>\n<li><a href=\"https:\/\/planification-energie-fr.ch\/wp-content\/uploads\/2022\/04\/Programme-batiments-2021-22-DE-web.pdf#page=2\" target=\"_blank\" rel=\"noopener noreferrer\">Informationsbrosch\u00fcre f\u00fcr F\u00f6rdermittel<\/a><\/li>\n<\/ul>\n<\/div><\/section><\/p><\/div><div  style='height:50px' class='hr hr-invisible   avia-builder-el-24  el_after_av_one_full  avia-builder-el-last '><span class='hr-inner ' ><span class='hr-inner-style'><\/span><\/span><\/div><\/p>\n","protected":false},"excerpt":{"rendered":"","protected":false},"author":2,"featured_media":0,"parent":0,"menu_order":0,"comment_status":"closed","ping_status":"closed","template":"","meta":{"_acf_changed":false,"footnotes":""},"class_list":["post-1635","page","type-page","status-publish","hentry"],"acf":[],"_links":{"self":[{"href":"https:\/\/planification-energie-fr.ch\/de\/wp-json\/wp\/v2\/pages\/1635","targetHints":{"allow":["GET"]}}],"collection":[{"href":"https:\/\/planification-energie-fr.ch\/de\/wp-json\/wp\/v2\/pages"}],"about":[{"href":"https:\/\/planification-energie-fr.ch\/de\/wp-json\/wp\/v2\/types\/page"}],"author":[{"embeddable":true,"href":"https:\/\/planification-energie-fr.ch\/de\/wp-json\/wp\/v2\/users\/2"}],"replies":[{"embeddable":true,"href":"https:\/\/planification-energie-fr.ch\/de\/wp-json\/wp\/v2\/comments?post=1635"}],"version-history":[{"count":5,"href":"https:\/\/planification-energie-fr.ch\/de\/wp-json\/wp\/v2\/pages\/1635\/revisions"}],"predecessor-version":[{"id":2039,"href":"https:\/\/planification-energie-fr.ch\/de\/wp-json\/wp\/v2\/pages\/1635\/revisions\/2039"}],"wp:attachment":[{"href":"https:\/\/planification-energie-fr.ch\/de\/wp-json\/wp\/v2\/media?parent=1635"}],"curies":[{"name":"wp","href":"https:\/\/api.w.org\/{rel}","templated":true}]}}