{"id":2163,"date":"2021-07-14T10:23:41","date_gmt":"2021-07-14T08:23:41","guid":{"rendered":"https:\/\/planification-energie-fr.ch\/reseaux-electriques\/"},"modified":"2024-02-28T10:20:11","modified_gmt":"2024-02-28T09:20:11","slug":"stromnetze","status":"publish","type":"page","link":"https:\/\/planification-energie-fr.ch\/de\/stromnetze\/","title":{"rendered":"Stromnetze"},"content":{"rendered":"<div id='full_slider_1'  class='avia-fullwidth-slider main_color avia-shadow   avia-builder-el-0  el_before_av_four_fifth  avia-builder-el-first   container_wrap fullsize' style=' '  ><div   data-size='no scaling'  data-lightbox_size='large'  data-animation='fade'  data-conditional_play=''  data-ids='1450'  data-video_counter='0'  data-autoplay='false'  data-bg_slider='false'  data-slide_height=''  data-handle='av_slideshow_full'  data-interval='5'  data-class=' '  data-el_id=''  data-css_id=''  data-scroll_down=''  data-control_layout='av-control-hidden'  data-custom_markup=''  data-perma_caption=''  data-autoplay_stopper=''  data-image_attachment=''  data-min_height='0px'  data-lazy_loading='disabled'  data-src=''  data-position='top left'  data-repeat='no-repeat'  data-attach='scroll'  data-stretch=''  class='avia-slideshow avia-slideshow-1  av-control-hidden av-default-height-applied avia-slideshow-no scaling av_slideshow_full   avia-fade-slider '  itemprop=\"image\" itemscope=\"itemscope\" itemtype=\"https:\/\/schema.org\/ImageObject\" ><ul class='avia-slideshow-inner ' style='padding-bottom: 41.650485436893%;' ><li  class=' av-single-slide slide-1 ' ><div data-rel='slideshow-1' class='avia-slide-wrap '   ><div class = \"caption_fullwidth av-slideshow-caption caption_left\"><div class = \"container caption_container\"><div class = \"slideshow_caption\"><div class = \"slideshow_inner_caption\"><div class = \"slideshow_align_caption\"><h2  class='avia-caption-title  '  itemprop=\"name\" >Stromnetze: Strom zu den Verbraucherinnen und Verbrauchern bringen<\/h2><\/div><\/div><\/div><\/div><\/div><img decoding=\"async\" class=\"wp-image-1451 avia-img-lazy-loading-not-1451\"  src=\"https:\/\/planification-energie-fr.ch\/wp-content\/uploads\/2021\/07\/202105_Planification-energie_reseau-electrique.jpg\" width=\"1030\" height=\"429\" title='RMG' alt=''  itemprop=\"thumbnailUrl\" srcset=\"https:\/\/planification-energie-fr.ch\/wp-content\/uploads\/2021\/07\/202105_Planification-energie_reseau-electrique.jpg 1030w, https:\/\/planification-energie-fr.ch\/wp-content\/uploads\/2021\/07\/202105_Planification-energie_reseau-electrique-300x125.jpg 300w, https:\/\/planification-energie-fr.ch\/wp-content\/uploads\/2021\/07\/202105_Planification-energie_reseau-electrique-768x320.jpg 768w, https:\/\/planification-energie-fr.ch\/wp-content\/uploads\/2021\/07\/202105_Planification-energie_reseau-electrique-705x294.jpg 705w\" sizes=\"(max-width: 1030px) 100vw, 1030px\" \/><\/div><\/li><\/ul><\/div><\/div><div id='after_full_slider_1'  class='main_color av_default_container_wrap container_wrap fullsize' style=' '  ><div class='container' ><div class='template-page content  av-content-full alpha units'><div class='post-entry post-entry-type-page post-entry-2163'><div class='entry-content-wrapper clearfix'>\n<div class=\"flex_column av_four_fifth  flex_column_div av-zero-column-padding first  avia-builder-el-1  el_after_av_slideshow_full  el_before_av_hr  avia-builder-el-first  \" style='border-radius:0px; '><section class=\"av_textblock_section \"  itemscope=\"itemscope\" itemtype=\"https:\/\/schema.org\/CreativeWork\" ><div class='avia_textblock  av_inherit_color '  style='font-size:24px; color:#528540; '  itemprop=\"text\" ><p>Energie wird oft weit weg vom Ort ihres Verbrauchs produziert. Das Stromnetz transportiert und verteilt die elektrische Energie auf nationaler, regionaler und lokaler Ebene. Es besteht aus H\u00f6chstspannungs-, Mittelspannungs- und Niederspannungsleitungen. Bevor der Strom zu den Verbraucherinnen und Verbrauchern gelangt, muss die Spannung reduziert werden, damit er in den Haushalten und Unternehmen mit 230 Volt aus der Steckdose kommt.<br \/>\n<br class=\"avia-permanent-lb\" \/>Urspr\u00fcnglich wurde der Strom zentral produziert und \u00fcber ein hierarchisch aufgebautes Netz verteilt. Durch die Energiewende m\u00fcssen sich die Stromnetze nun an eine dezentrale und unbest\u00e4ndige Stromerzeugung aus erneuerbaren Energien anpassen. Das bestehende Netz wird durch intelligente Netze, die diese Energiefl\u00fcsse steuern k\u00f6nnen, erweitert. Dadurch gewinnt das System an Effizienz und erm\u00f6glicht es, die Versorgungssicherheit zu gew\u00e4hrleisten, die Kosten des Netzes zu senken und die erneuerbaren Energien einzubinden.<\/p>\n<\/div><\/section><\/div>\n<div  style='height:30px' class='hr hr-invisible   avia-builder-el-3  el_after_av_four_fifth  el_before_av_one_full '><span class='hr-inner ' ><span class='hr-inner-style'><\/span><\/span><\/div>\n<div class=\"flex_column av_one_full  flex_column_div first  avia-builder-el-4  el_after_av_hr  el_before_av_hr  \" style='background: #f4f4f4; padding:30px; background-color:#f4f4f4; border-radius:0px; '><p><section class=\"av_textblock_section \"  itemscope=\"itemscope\" itemtype=\"https:\/\/schema.org\/CreativeWork\" ><div class='avia_textblock subtitles-pages av_inherit_color '  style='font-size:24px; color:#528540; '  itemprop=\"text\" ><p><strong>Ziele<\/strong><\/p>\n<\/div><\/section><br \/>\n<section class=\"av_textblock_section \"  itemscope=\"itemscope\" itemtype=\"https:\/\/schema.org\/CreativeWork\" ><div class='avia_textblock  av_inherit_color '  style='color:#0a0a0a; '  itemprop=\"text\" ><ul>\n<li>Die Versorgung der Endverbraucher mit Energie unter Ber\u00fccksichtigung des Bev\u00f6lkerungs- und Wirtschaftswachstums gew\u00e4hrleisten.<\/li>\n<li>Die Versorgung der Endverbraucher mit Strom gew\u00e4hrleisten, indem intelligente Netze gebaut werden.<\/li>\n<\/ul>\n<\/div><\/section><\/p><\/div>\n<div  style=' margin-top:30px; margin-bottom:30px;'  class='hr hr-custom hr-center hr-icon-no   avia-builder-el-7  el_after_av_one_full  el_before_av_one_full '><span class='hr-inner  inner-border-av-border-thin' style=' width:100%; border-color:#528540;' ><span class='hr-inner-style'><\/span><\/span><\/div>\n<div class=\"flex_column av_one_full  flex_column_div first  avia-builder-el-8  el_after_av_hr  el_before_av_hr  \" style='padding:30px; border-radius:0px; '><p><section class=\"av_textblock_section \"  itemscope=\"itemscope\" itemtype=\"https:\/\/schema.org\/CreativeWork\" ><div class='avia_textblock subtitles-pages av_inherit_color '  style='font-size:24px; color:#528540; '  itemprop=\"text\" ><p><strong>Kantonaler Richtplan<\/strong><\/p>\n<\/div><\/section><br \/>\n<div  class='avia-button-wrap avia-button-left  avia-builder-el-10  el_after_av_textblock  avia-builder-el-last ' ><a href='https:\/\/planification-energie-fr.ch\/wp-content\/uploads\/2021\/07\/T119_DE_Energienetze.pdf' class='avia-button  avia-color-theme-color  avia-font-color-theme-color  avia-icon_select-yes-left-icon avia-size-x-large avia-position-left ' target=\"_blank\" rel=\"noopener noreferrer\"><span class='avia_button_icon avia_button_icon_left ' aria-hidden='true' data-av_icon='\ue84e' data-av_iconfont='entypo-fontello'><\/span><span class='avia_iconbox_title' >Blatt \u2013 Energienetze<\/span><span class='avia_button_background avia-button avia-color-theme-color-highlight' ><\/span><\/a><\/div><\/p><\/div>\n<div  style=' margin-top:30px; margin-bottom:30px;'  class='hr hr-custom hr-center hr-icon-no   avia-builder-el-11  el_after_av_one_full  el_before_av_hr '><span class='hr-inner  inner-border-av-border-thin' style=' width:100%; border-color:#528540;' ><span class='hr-inner-style'><\/span><\/span><\/div>\n<div  style='height:50px' class='hr hr-invisible   avia-builder-el-12  el_after_av_hr  el_before_av_one_half '><span class='hr-inner ' ><span class='hr-inner-style'><\/span><\/span><\/div>\n<div class=\"flex_column av_one_half  flex_column_div av-zero-column-padding first  avia-builder-el-13  el_after_av_hr  el_before_av_one_half  \" style='border-radius:0px; '><p><section class=\"av_textblock_section \"  itemscope=\"itemscope\" itemtype=\"https:\/\/schema.org\/CreativeWork\" ><div class='avia_textblock subtitles-pages av_inherit_color '  style='font-size:24px; color:#528540; '  itemprop=\"text\" ><p><strong>Strategie<\/strong><\/p>\n<\/div><\/section><br \/>\n<section class=\"av_textblock_section \"  itemscope=\"itemscope\" itemtype=\"https:\/\/schema.org\/CreativeWork\" ><div class='avia_textblock  '   itemprop=\"text\" ><p>Der Ausbau des Stromnetzes wird von den Beh\u00f6rden und den Elektrizit\u00e4tsversorgungsunternehmen bestimmt. Der Bund plant die \u00dcbertragungsleitungen und koordiniert die Ausbau- und Verst\u00e4rkungsprojekte auf \u00fcberregionaler Ebene. Auf lokaler Ebene sind die Elektrizit\u00e4tsversorgungsunternehmen f\u00fcr den Anschluss neuer Endverbraucher an das Netz verantwortlich. Das Netz wird aufgrund des Bev\u00f6lkerungs- und Wirtschaftswachstums j\u00e4hrlich um mehrere Dutzend Kilometer erweitert.<\/p>\n<p>Mehrere Bundesgesetze und kantonale Gesetze bilden den Rahmen f\u00fcr die Entwicklung hin zu einem intelligenten Stromnetz. Die aufgestellten Regeln erleichtern die Koordinierung zwischen den Netzbetreibern und den Beh\u00f6rden. Sie beschleunigen auch die Bewilligungsverfahren f\u00fcr Netzerweiterungsvorhaben. Projekte f\u00fcr die Verlegung von Erdkabeln werden gegen\u00fcber Freileitungen bevorzugt. Der Bund, die Kantone und die nationale Netzgesellschaft sind verpflichtet, die Bev\u00f6lkerung \u00fcber die laufenden Projekte zu informieren.<\/p>\n<\/div><\/section><\/p><\/div>\n<div class=\"flex_column av_one_half  flex_column_div av-zero-column-padding   avia-builder-el-16  el_after_av_one_half  el_before_av_hr  \" style='border-radius:0px; '><p><div  class='avia-image-container  av-styling-    avia-builder-el-17  el_before_av_textblock  avia-builder-el-first  avia-align-left '  itemprop=\"image\" itemscope=\"itemscope\" itemtype=\"https:\/\/schema.org\/ImageObject\"  ><div class='avia-image-container-inner'><div class='avia-image-overlay-wrap'><img decoding=\"async\" class='wp-image-2131 avia-img-lazy-loading-not-2131 avia_image' src=\"https:\/\/planification-energie-fr.ch\/wp-content\/uploads\/2024\/02\/installations-electriques.jpg\" alt='' title='installations-electriques' height=\"638\" width=\"1000\"  itemprop=\"thumbnailUrl\" srcset=\"https:\/\/planification-energie-fr.ch\/wp-content\/uploads\/2024\/02\/installations-electriques.jpg 1000w, https:\/\/planification-energie-fr.ch\/wp-content\/uploads\/2024\/02\/installations-electriques-300x191.jpg 300w, https:\/\/planification-energie-fr.ch\/wp-content\/uploads\/2024\/02\/installations-electriques-768x490.jpg 768w, https:\/\/planification-energie-fr.ch\/wp-content\/uploads\/2024\/02\/installations-electriques-705x450.jpg 705w\" sizes=\"(max-width: 1000px) 100vw, 1000px\" \/><\/div><\/div><\/div><br \/>\n<section class=\"av_textblock_section \"  itemscope=\"itemscope\" itemtype=\"https:\/\/schema.org\/CreativeWork\" ><div class='avia_textblock  av_inherit_color '  style='font-size:12px; color:#8c8c8c; '  itemprop=\"text\" ><p>Stromnetze @S\u00e9bastien Staub<\/p>\n<\/div><\/section><\/p><\/div>\n<div  style='height:30px' class='hr hr-invisible   avia-builder-el-19  el_after_av_one_half  el_before_av_one_full '><span class='hr-inner ' ><span class='hr-inner-style'><\/span><\/span><\/div>\n<div class=\"flex_column av_one_full  flex_column_div first  avia-builder-el-20  el_after_av_hr  avia-builder-el-last  \" style='background: rgba(84,133,64,0.2); padding:30px; background-color:rgba(84,133,64,0.2); border-radius:4px; '><p><section class=\"av_textblock_section \"  itemscope=\"itemscope\" itemtype=\"https:\/\/schema.org\/CreativeWork\" ><div class='avia_textblock subtitles-pages av_inherit_color '  style='font-size:24px; color:#528540; '  itemprop=\"text\" ><p><strong>Weitere Informationen<br \/>\n<\/strong><\/p>\n<\/div><\/section><br \/>\n<section class=\"av_textblock_section \"  itemscope=\"itemscope\" itemtype=\"https:\/\/schema.org\/CreativeWork\" ><div class='avia_textblock  av_inherit_color '  style='color:#0a0a0a; '  itemprop=\"text\" ><ul>\n<li><a href=\"https:\/\/www.fr.ch\/de\/vwbd\/afe\/news\/neuer-sachplan-energie\" target=\"_blank\" rel=\"noopener\">Sachplan Energie | Staat Freiburg<\/a><\/li>\n<li><a href=\"https:\/\/che01.safelinks.protection.outlook.com\/?url=https%3A%2F%2Fmap.geo.fr.ch%2F%3FdataTheme%3DEnergie%26lang%3Dfr&amp;data=05%7C02%7CNicole.Bulliard%40fr.ch%7C3d3289646b994bf45cd108dc23c25fae%7C75efd574bdc54c5d8adfda50a97782ac%7C0%7C0%7C638424564930335634%7CUnknown%7CTWFpbGZsb3d8eyJWIjoiMC4wLjAwMDAiLCJQIjoiV2luMzIiLCJBTiI6Ik1haWwiLCJXVCI6Mn0%3D%7C0%7C%7C%7C&amp;sdata=s4Yk%2FfKdvFf3LW5MAekTlJiGEAPhSME3ra9RWjqrst4%3D&amp;reserved=0\" target=\"_blank\" rel=\"noopener\">Online-Karten des Kantons Freiburg | Thema \u00abEnergie\u00bb (Stromversorgungsgebiete)<\/a><\/li>\n<li><a href=\"https:\/\/www.fr.ch\/sites\/default\/files\/2022-12\/netzgebiete--kanton-freiburg-gemass-staatsratsbeschluss-energieversorgung--aktuelle-version-nov-2021.pdf\" target=\"_blank\" rel=\"noopener\">Netzgebiete &#8211; Kanton Freiburg &#8211; November 2023<\/a><\/li>\n<li><a href=\"https:\/\/che01.safelinks.protection.outlook.com\/?url=https%3A%2F%2Fwww.bfe.admin.ch%2Fbfe%2Ffr%2Fhome%2Fapprovisionnement%2Fapprovisionnement-en-electricite%2Freseaux-electricite.html&amp;data=05%7C02%7CNicole.Bulliard%40fr.ch%7C3d3289646b994bf45cd108dc23c25fae%7C75efd574bdc54c5d8adfda50a97782ac%7C0%7C0%7C638424564930345383%7CUnknown%7CTWFpbGZsb3d8eyJWIjoiMC4wLjAwMDAiLCJQIjoiV2luMzIiLCJBTiI6Ik1haWwiLCJXVCI6Mn0%3D%7C0%7C%7C%7C&amp;sdata=UiLd16mTx%2FomUXijCuZgpa7rv0%2FjxpsdLgM6eBIf1NI%3D&amp;reserved=0\" target=\"_blank\" rel=\"noopener\">Bundesamt f\u00fcr Energie BFE &#8211; Stromnetze<\/a><\/li>\n<li><a href=\"https:\/\/che01.safelinks.protection.outlook.com\/?url=https%3A%2F%2Fwww.esti.admin.ch%2Ffr%2Festi-page-daccueil&amp;data=05%7C02%7CNicole.Bulliard%40fr.ch%7C3d3289646b994bf45cd108dc23c25fae%7C75efd574bdc54c5d8adfda50a97782ac%7C0%7C0%7C638424564930353095%7CUnknown%7CTWFpbGZsb3d8eyJWIjoiMC4wLjAwMDAiLCJQIjoiV2luMzIiLCJBTiI6Ik1haWwiLCJXVCI6Mn0%3D%7C0%7C%7C%7C&amp;sdata=AuuPNg2iHNCRsoEmTe%2BnW6N7daioFu%2FJjfR%2FXdc%2BsK0%3D&amp;reserved=0\" target=\"_blank\" rel=\"noopener\">Eidgen\u00f6ssisches Starkstrominspektorat ESTI<\/a><\/li>\n<li><a href=\"https:\/\/www.elcom.admin.ch\/elcom\/de\/home.html\" target=\"_blank\" rel=\"noopener\">Eidgen\u00f6ssische Elektrizit\u00e4tskommission ElCom<\/a><\/li>\n<li><a href=\"https:\/\/che01.safelinks.protection.outlook.com\/?url=https%3A%2F%2Fwww.swissgrid.ch%2Ffr%2Fhome.html&amp;data=05%7C02%7CNicole.Bulliard%40fr.ch%7C3d3289646b994bf45cd108dc23c25fae%7C75efd574bdc54c5d8adfda50a97782ac%7C0%7C0%7C638424564930365743%7CUnknown%7CTWFpbGZsb3d8eyJWIjoiMC4wLjAwMDAiLCJQIjoiV2luMzIiLCJBTiI6Ik1haWwiLCJXVCI6Mn0%3D%7C0%7C%7C%7C&amp;sdata=JqdH19SphJ3lIuCNg9cDDahCGXdeSk5DXhwdTd5nhko%3D&amp;reserved=0\" target=\"_blank\" rel=\"noopener\">Nationale Netzgesellschaft Swissgrid<\/a><\/li>\n<li><a href=\"https:\/\/che01.safelinks.protection.outlook.com\/?url=https%3A%2F%2Fwww.strom.ch%2Ffr%2Fpropos%2Flassociation&amp;data=05%7C02%7CNicole.Bulliard%40fr.ch%7C3d3289646b994bf45cd108dc23c25fae%7C75efd574bdc54c5d8adfda50a97782ac%7C0%7C0%7C638424564930371530%7CUnknown%7CTWFpbGZsb3d8eyJWIjoiMC4wLjAwMDAiLCJQIjoiV2luMzIiLCJBTiI6Ik1haWwiLCJXVCI6Mn0%3D%7C0%7C%7C%7C&amp;sdata=F4pY2JEuJZGXh3YIp6pdvl1aYCbnzJjqwFrMMvOs1nc%3D&amp;reserved=0\" target=\"_blank\" rel=\"noopener\">Verband Schweizer Elektrizit\u00e4tsunternehmen VSE<\/a><\/li>\n<\/ul>\n<\/div><\/section><\/p><\/div>\n","protected":false},"excerpt":{"rendered":"","protected":false},"author":2,"featured_media":0,"parent":0,"menu_order":0,"comment_status":"closed","ping_status":"closed","template":"","meta":{"_acf_changed":false,"footnotes":""},"class_list":["post-2163","page","type-page","status-publish","hentry"],"acf":[],"_links":{"self":[{"href":"https:\/\/planification-energie-fr.ch\/de\/wp-json\/wp\/v2\/pages\/2163","targetHints":{"allow":["GET"]}}],"collection":[{"href":"https:\/\/planification-energie-fr.ch\/de\/wp-json\/wp\/v2\/pages"}],"about":[{"href":"https:\/\/planification-energie-fr.ch\/de\/wp-json\/wp\/v2\/types\/page"}],"author":[{"embeddable":true,"href":"https:\/\/planification-energie-fr.ch\/de\/wp-json\/wp\/v2\/users\/2"}],"replies":[{"embeddable":true,"href":"https:\/\/planification-energie-fr.ch\/de\/wp-json\/wp\/v2\/comments?post=2163"}],"version-history":[{"count":5,"href":"https:\/\/planification-energie-fr.ch\/de\/wp-json\/wp\/v2\/pages\/2163\/revisions"}],"predecessor-version":[{"id":2256,"href":"https:\/\/planification-energie-fr.ch\/de\/wp-json\/wp\/v2\/pages\/2163\/revisions\/2256"}],"wp:attachment":[{"href":"https:\/\/planification-energie-fr.ch\/de\/wp-json\/wp\/v2\/media?parent=2163"}],"curies":[{"name":"wp","href":"https:\/\/api.w.org\/{rel}","templated":true}]}}