{"id":691,"date":"2020-10-02T16:04:43","date_gmt":"2020-10-02T14:04:43","guid":{"rendered":"https:\/\/planification-energie-fr.ch\/?page_id=691"},"modified":"2026-01-05T07:18:51","modified_gmt":"2026-01-05T06:18:51","slug":"solarstrom","status":"publish","type":"page","link":"https:\/\/planification-energie-fr.ch\/de\/solarstrom\/","title":{"rendered":"Solarstrom"},"content":{"rendered":"<div id='full_slider_1'  class='avia-fullwidth-slider main_color avia-shadow   avia-builder-el-0  el_before_av_four_fifth  avia-builder-el-first   container_wrap fullsize' style=' '  ><div   data-size='no scaling'  data-lightbox_size='large'  data-animation='fade'  data-conditional_play=''  data-ids='1384'  data-video_counter='0'  data-autoplay='false'  data-bg_slider='false'  data-slide_height=''  data-handle='av_slideshow_full'  data-interval='5'  data-class=' '  data-el_id=''  data-css_id=''  data-scroll_down=''  data-control_layout='av-control-hidden'  data-custom_markup=''  data-perma_caption=''  data-autoplay_stopper=''  data-image_attachment=''  data-min_height='0px'  data-lazy_loading='disabled'  data-src=''  data-position='top left'  data-repeat='no-repeat'  data-attach='scroll'  data-stretch=''  class='avia-slideshow avia-slideshow-1  av-control-hidden av-default-height-applied avia-slideshow-no scaling av_slideshow_full   avia-fade-slider '  itemprop=\"image\" itemscope=\"itemscope\" itemtype=\"https:\/\/schema.org\/ImageObject\" ><ul class='avia-slideshow-inner ' style='padding-bottom: 41.75%;' ><li  class=' av-single-slide slide-1 ' ><div data-rel='slideshow-1' class='avia-slide-wrap '   ><div class = \"caption_fullwidth av-slideshow-caption caption_left\"><div class = \"container caption_container\"><div class = \"slideshow_caption\"><div class = \"slideshow_inner_caption\"><div class = \"slideshow_align_caption\"><h2  class='avia-caption-title  '  itemprop=\"name\" >Solarstrom:<br \/>\n\u00fcberall verf\u00fcgbar<\/h2><\/div><\/div><\/div><\/div><\/div><img decoding=\"async\" class=\"wp-image-1385 avia-img-lazy-loading-not-1385\"  src=\"https:\/\/planification-energie-fr.ch\/wp-content\/uploads\/2021\/06\/solar.jpg\" width=\"1600\" height=\"668\" title='solar' alt=''  itemprop=\"thumbnailUrl\" srcset=\"https:\/\/planification-energie-fr.ch\/wp-content\/uploads\/2021\/06\/solar.jpg 1600w, https:\/\/planification-energie-fr.ch\/wp-content\/uploads\/2021\/06\/solar-300x125.jpg 300w, https:\/\/planification-energie-fr.ch\/wp-content\/uploads\/2021\/06\/solar-768x321.jpg 768w, https:\/\/planification-energie-fr.ch\/wp-content\/uploads\/2021\/06\/solar-1536x641.jpg 1536w, https:\/\/planification-energie-fr.ch\/wp-content\/uploads\/2021\/06\/solar-1500x626.jpg 1500w, https:\/\/planification-energie-fr.ch\/wp-content\/uploads\/2021\/06\/solar-705x294.jpg 705w\" sizes=\"(max-width: 1600px) 100vw, 1600px\" \/><\/div><\/li><\/ul><\/div><\/div><div id='after_full_slider_1'  class='main_color av_default_container_wrap container_wrap fullsize' style=' '  ><div class='container' ><div class='template-page content  av-content-full alpha units'><div class='post-entry post-entry-type-page post-entry-691'><div class='entry-content-wrapper clearfix'>\n<div class=\"flex_column av_four_fifth  flex_column_div av-zero-column-padding first  avia-builder-el-1  el_after_av_slideshow_full  el_before_av_hr  avia-builder-el-first  \" style='border-radius:0px; '><section class=\"av_textblock_section \"  itemscope=\"itemscope\" itemtype=\"https:\/\/schema.org\/CreativeWork\" ><div class='avia_textblock  av_inherit_color '  style='font-size:24px; color:#528540; '  itemprop=\"text\" ><p>Die Sonnenenergie hat grosses Potenzial. Der Kanton f\u00f6rdert die Nutzung dieser erneuerbaren Energiequelle und stellt gleichzeitig sicher, dass sich die Solarmodule gut in die bebaute Umgebung einf\u00fcgen und dass auf gesch\u00fctzte Ortsbilder und Geb\u00e4ude besonders R\u00fccksicht genommen wird.<\/p>\n<p>Mit der Photovoltaik wird die Sonneneinstrahlung direkt und ohne Emissionen in elektrische Energie umgewandelt. Sie tr\u00e4gt nicht nur zu einer nachhaltigeren Stromversorgung bei, sondern bietet Hausbesitzerinnen und Hausbesitzern auch ein gewisses Mass an Unabh\u00e4ngigkeit, wenn sie einen Teil der erzeugten Energie direkt verbrauchen.<\/p>\n<\/div><\/section><\/div>\n<div  style='height:30px' class='hr hr-invisible   avia-builder-el-3  el_after_av_four_fifth  el_before_av_one_full '><span class='hr-inner ' ><span class='hr-inner-style'><\/span><\/span><\/div>\n<div class=\"flex_column av_one_full  flex_column_div first  avia-builder-el-4  el_after_av_hr  el_before_av_hr  \" style='background: #f4f4f4; padding:30px; background-color:#f4f4f4; border-radius:0px; '><p><section class=\"av_textblock_section \"  itemscope=\"itemscope\" itemtype=\"https:\/\/schema.org\/CreativeWork\" ><div class='avia_textblock subtitles-pages av_inherit_color '  style='font-size:24px; color:#528540; '  itemprop=\"text\" ><p><strong>Ziele<\/strong><\/p>\n<\/div><\/section><br \/>\n<section class=\"av_textblock_section \"  itemscope=\"itemscope\" itemtype=\"https:\/\/schema.org\/CreativeWork\" ><div class='avia_textblock  av_inherit_color '  style='color:#0a0a0a; '  itemprop=\"text\" ><ul>\n<li>Die Energie der Sonneneinstrahlung nutzen.<\/li>\n<li>Die Nutzung einer einheimischen erneuerbaren Energiequelle f\u00f6rdern und erleichtern.<\/li>\n<\/ul>\n<\/div><\/section><\/p><\/div>\n<div  style=' margin-top:30px; margin-bottom:30px;'  class='hr hr-custom hr-center hr-icon-no   avia-builder-el-7  el_after_av_one_full  el_before_av_one_full '><span class='hr-inner  inner-border-av-border-thin' style=' width:100%; border-color:#528540;' ><span class='hr-inner-style'><\/span><\/span><\/div>\n<div class=\"flex_column av_one_full  flex_column_div first  avia-builder-el-8  el_after_av_hr  el_before_av_hr  \" style='padding:30px; border-radius:0px; '><p><section class=\"av_textblock_section \"  itemscope=\"itemscope\" itemtype=\"https:\/\/schema.org\/CreativeWork\" ><div class='avia_textblock subtitles-pages av_inherit_color '  style='font-size:24px; color:#528540; '  itemprop=\"text\" ><p><strong>Kantonaler Richtplan<\/strong><\/p>\n<\/div><\/section><br \/>\n<div  style='height:20px' class='hr hr-invisible   avia-builder-el-10  el_after_av_textblock  el_before_av_button '><span class='hr-inner ' ><span class='hr-inner-style'><\/span><\/span><\/div><br \/>\n<div  class='avia-button-wrap avia-button-left  avia-builder-el-11  el_after_av_hr  avia-builder-el-last ' ><a href='https:\/\/planification-energie-fr.ch\/wp-content\/uploads\/2021\/07\/T123_DE_Solarenergie.pdf' class='avia-button  avia-color-theme-color  avia-font-color-theme-color  avia-icon_select-yes-left-icon avia-size-x-large avia-position-left ' target=\"_blank\" rel=\"noopener noreferrer\"><span class='avia_button_icon avia_button_icon_left ' aria-hidden='true' data-av_icon='\ue84e' data-av_iconfont='entypo-fontello'><\/span><span class='avia_iconbox_title' >Themenblatt Solarstrom<\/span><span class='avia_button_background avia-button avia-color-theme-color-highlight' ><\/span><\/a><\/div><\/p><\/div>\n<div  style=' margin-top:30px; margin-bottom:30px;'  class='hr hr-custom hr-center hr-icon-no   avia-builder-el-12  el_after_av_one_full  el_before_av_hr '><span class='hr-inner  inner-border-av-border-thin' style=' width:100%; border-color:#528540;' ><span class='hr-inner-style'><\/span><\/span><\/div>\n<div  style='height:50px' class='hr hr-invisible   avia-builder-el-13  el_after_av_hr  el_before_av_one_half '><span class='hr-inner ' ><span class='hr-inner-style'><\/span><\/span><\/div>\n<div class=\"flex_column av_one_half  flex_column_div av-zero-column-padding first  avia-builder-el-14  el_after_av_hr  el_before_av_one_half  \" style='border-radius:0px; '><p><section class=\"av_textblock_section \"  itemscope=\"itemscope\" itemtype=\"https:\/\/schema.org\/CreativeWork\" ><div class='avia_textblock subtitles-pages av_inherit_color '  style='font-size:24px; color:#528540; '  itemprop=\"text\" ><p><strong>Strategie<\/strong><\/p>\n<\/div><\/section><br \/>\n<section class=\"av_textblock_section \"  itemscope=\"itemscope\" itemtype=\"https:\/\/schema.org\/CreativeWork\" ><div class='avia_textblock  '   itemprop=\"text\" ><p>Mit seiner <a href=\"https:\/\/www.fr.ch\/sites\/default\/files\/2023-09\/fotovoltaikstrategie-des-kantons-freiburg_0.pdf\">Strategie<\/a> will der Kanton die Stromproduktion aus Fotovoltaik steigern, um bis zum Jahr 2050 eine j\u00e4hrliche Produktion von 1300 GWh zu erreichen. Der Zubau von Fotovoltaikanlagen leistet einen Beitrag an die Stromversorgungssicherheit der Schweiz.<\/p>\n<p>Aus Effizienzgr\u00fcnden und um die negativen Auswirkungen auf das Kantonsgebiet zu minimieren, hat der Staat beschlossen, vorrangig den Bau von Fotovoltaikanlagen auf bestehenden Geb\u00e4uden und Infrastrukturen zu f\u00f6rdern. An zweiter Stelle empfiehlt er den Bau von Anlagen in Bauzonen auf ausgew\u00e4hlten, wenig empfindlichen Freifl\u00e4chen.<\/p>\n<p>Diese Anlagen sollten ausreichen, um das Produktionsziel zu erreichen, ohne andere Arten von Anlagen bauen zu m\u00fcssen, deren Umsetzung komplexer ist und eine st\u00e4rkere Auswirkung auf das Kantonsgebiet hat.<\/p>\n<\/div><\/section><\/p><\/div>\n<div class=\"flex_column av_one_half  flex_column_div av-zero-column-padding   avia-builder-el-17  el_after_av_one_half  el_before_av_hr  \" style='border-radius:0px; '><div  class='avia-image-container  av-styling-    avia-builder-el-18  avia-builder-el-no-sibling  avia-align-center '  itemprop=\"image\" itemscope=\"itemscope\" itemtype=\"https:\/\/schema.org\/ImageObject\"  ><div class='avia-image-container-inner'><div class='avia-image-overlay-wrap'><img decoding=\"async\" class='wp-image-1835 avia-img-lazy-loading-not-1835 avia_image' src=\"https:\/\/planification-energie-fr.ch\/wp-content\/uploads\/2021\/10\/shutterstock_1233562033-scaled.jpg\" alt='' title='Solar,System,,3d,Illustration' height=\"1705\" width=\"2560\"  itemprop=\"thumbnailUrl\" srcset=\"https:\/\/planification-energie-fr.ch\/wp-content\/uploads\/2021\/10\/shutterstock_1233562033-scaled.jpg 2560w, https:\/\/planification-energie-fr.ch\/wp-content\/uploads\/2021\/10\/shutterstock_1233562033-300x200.jpg 300w, https:\/\/planification-energie-fr.ch\/wp-content\/uploads\/2021\/10\/shutterstock_1233562033-1547x1030.jpg 1547w, https:\/\/planification-energie-fr.ch\/wp-content\/uploads\/2021\/10\/shutterstock_1233562033-768x511.jpg 768w, https:\/\/planification-energie-fr.ch\/wp-content\/uploads\/2021\/10\/shutterstock_1233562033-1536x1023.jpg 1536w, https:\/\/planification-energie-fr.ch\/wp-content\/uploads\/2021\/10\/shutterstock_1233562033-2048x1364.jpg 2048w, https:\/\/planification-energie-fr.ch\/wp-content\/uploads\/2021\/10\/shutterstock_1233562033-1500x999.jpg 1500w, https:\/\/planification-energie-fr.ch\/wp-content\/uploads\/2021\/10\/shutterstock_1233562033-705x470.jpg 705w\" sizes=\"(max-width: 2560px) 100vw, 2560px\" \/><\/div><\/div><\/div><\/div>\n<div  style='height:30px' class='hr hr-invisible   avia-builder-el-19  el_after_av_one_half  el_before_av_one_full '><span class='hr-inner ' ><span class='hr-inner-style'><\/span><\/span><\/div>\n<div class=\"flex_column av_one_full  flex_column_div first  avia-builder-el-20  el_after_av_hr  el_before_av_hr  \" style='background: rgba(84,133,64,0.2); padding:30px; background-color:rgba(84,133,64,0.2); border-radius:4px; '><p><section class=\"av_textblock_section \"  itemscope=\"itemscope\" itemtype=\"https:\/\/schema.org\/CreativeWork\" ><div class='avia_textblock subtitles-pages av_inherit_color '  style='font-size:24px; color:#528540; '  itemprop=\"text\" ><p><strong>Weitere Informationen<\/strong><strong>\u00a0<\/strong><\/p>\n<\/div><\/section><br \/>\n<section class=\"av_textblock_section \"  itemscope=\"itemscope\" itemtype=\"https:\/\/schema.org\/CreativeWork\" ><div class='avia_textblock  av_inherit_color '  style='color:#0a0a0a; '  itemprop=\"text\" ><ul>\n<li style=\"list-style-type: none;\">\n<ul>\n<li><a href=\"https:\/\/www.fr.ch\/de\/document\/509866\">Fotovoltaikstrategie des Kantons Freiburg<\/a><\/li>\n<li><a href=\"https:\/\/www.fr.ch\/de\/vwd\/afe\/news\/neuer-sachplan-energie\" target=\"_blank\" rel=\"noopener\">Sachplan Energie | Staat Freiburg<\/a><\/li>\n<li><a href=\"https:\/\/www.swissolar.ch\/nc\/\" target=\"_blank\" rel=\"noopener\">Swissolar (Partner Bundesamt f\u00fcr Energie BFE)<\/a><\/li>\n<li><a href=\"https:\/\/www.energieschweiz.ch\/erneuerbare-energien\/solarenergie\/?pk_vid=a3665b532d3c3cf21625047650e9d8a6\" target=\"_blank\" rel=\"noopener\">Nutzen Sie die Energie der Sonne auf Ihrem Dach (Bundesamt f\u00fcr Energie BFE)<\/a><\/li>\n<li><a href=\"https:\/\/www.fr.ch\/sites\/default\/files\/contens\/seca\/_www\/files\/pdf81\/SdE-DIRECTIVE-SOLAIRES-DE-WEB_LR.pdf\" target=\"_blank\" rel=\"noopener\">Richtlinie \u00fcber die architektonische Integration von thermischen und photovoltaischen Solaranlagen<\/a><\/li>\n<li><a href=\"https:\/\/pronovo.ch\/de\/foerderung\/einmalverguetung-eiv\/\">F\u00f6rderung durch den Bund Pronovo<\/a><\/li>\n<li><a href=\"https:\/\/vimeo.com\/1148017189?share=copy&amp;fl=sv&amp;fe=ci\">In 7 Schritten zur eigenen Solaranlage<\/a><\/li>\n<li><a href=\"https:\/\/che01.safelinks.protection.outlook.com\/?url=https%3A%2F%2Fmap.geo.admin.ch%2F%3Flang%3Dde%26topic%3Dech%26bgLayer%3Dch.swisstopo.pixelkarte-farbe%26layers%3Dch.bfe.solarenergie-einstrahlung_90_grad%2Cch.bfe.solarenergie-einstrahlung_75_grad%2Cch.bfe.solarenergie-einstrahlung_30_grad%2Cch.bfe.solarenergie-einstrahlung_0_grad%26layers_opacity%3D0.75%2C0.75%2C0.75%2C0.75%26layers_visibility%3Dfalse%2Cfalse%2Cfalse%2Ctrue&amp;data=05%7C02%7CNicole.Bulliard%40fr.ch%7Cf04246f382d2499059a408dcb5172898%7C75efd574bdc54c5d8adfda50a97782ac%7C0%7C0%7C638584358274260048%7CUnknown%7CTWFpbGZsb3d8eyJWIjoiMC4wLjAwMDAiLCJQIjoiV2luMzIiLCJBTiI6Ik1haWwiLCJXVCI6Mn0%3D%7C0%7C%7C%7C&amp;sdata=UGSedbYZo4eNx4QJ%2FUALLF9YAwgu9F2cYkV281AzBJI%3D&amp;reserved=0\" target=\"_blank\" rel=\"noopener\">Karte zur solaren Einstrahlung in der Schweiz<\/a><\/li>\n<\/ul>\n<\/li>\n<\/ul>\n<\/div><\/section><\/p><\/div><div  style='height:50px' class='hr hr-invisible   avia-builder-el-23  el_after_av_one_full  avia-builder-el-last '><span class='hr-inner ' ><span class='hr-inner-style'><\/span><\/span><\/div><\/p>\n","protected":false},"excerpt":{"rendered":"","protected":false},"author":2,"featured_media":0,"parent":0,"menu_order":0,"comment_status":"closed","ping_status":"closed","template":"","meta":{"_acf_changed":false,"footnotes":""},"class_list":["post-691","page","type-page","status-publish","hentry"],"acf":[],"_links":{"self":[{"href":"https:\/\/planification-energie-fr.ch\/de\/wp-json\/wp\/v2\/pages\/691","targetHints":{"allow":["GET"]}}],"collection":[{"href":"https:\/\/planification-energie-fr.ch\/de\/wp-json\/wp\/v2\/pages"}],"about":[{"href":"https:\/\/planification-energie-fr.ch\/de\/wp-json\/wp\/v2\/types\/page"}],"author":[{"embeddable":true,"href":"https:\/\/planification-energie-fr.ch\/de\/wp-json\/wp\/v2\/users\/2"}],"replies":[{"embeddable":true,"href":"https:\/\/planification-energie-fr.ch\/de\/wp-json\/wp\/v2\/comments?post=691"}],"version-history":[{"count":9,"href":"https:\/\/planification-energie-fr.ch\/de\/wp-json\/wp\/v2\/pages\/691\/revisions"}],"predecessor-version":[{"id":2369,"href":"https:\/\/planification-energie-fr.ch\/de\/wp-json\/wp\/v2\/pages\/691\/revisions\/2369"}],"wp:attachment":[{"href":"https:\/\/planification-energie-fr.ch\/de\/wp-json\/wp\/v2\/media?parent=691"}],"curies":[{"name":"wp","href":"https:\/\/api.w.org\/{rel}","templated":true}]}}